{"id":367,"date":"2016-04-04T21:43:04","date_gmt":"2016-04-05T01:43:04","guid":{"rendered":"http:\/\/www.letsgomoose.ca\/\/fr\/?page_id=367"},"modified":"2016-08-28T16:02:59","modified_gmt":"2016-08-28T20:02:59","slug":"modele-commercial","status":"publish","type":"page","link":"https:\/\/www.letsgomoose.ca\/fr\/modele-commercial\/","title":{"rendered":"Mod\u00e8le commercial"},"content":{"rendered":"<p>[et_pb_section admin_label=\u00a0\u00bbSection\u00a0\u00bb fullwidth=\u00a0\u00bbon\u00a0\u00bb specialty=\u00a0\u00bboff\u00a0\u00bb transparent_background=\u00a0\u00bboff\u00a0\u00bb allow_player_pause=\u00a0\u00bboff\u00a0\u00bb inner_shadow=\u00a0\u00bboff\u00a0\u00bb parallax=\u00a0\u00bboff\u00a0\u00bb parallax_method=\u00a0\u00bboff\u00a0\u00bb padding_mobile=\u00a0\u00bboff\u00a0\u00bb make_fullwidth=\u00a0\u00bboff\u00a0\u00bb use_custom_width=\u00a0\u00bboff\u00a0\u00bb width_unit=\u00a0\u00bbon\u00a0\u00bb make_equal=\u00a0\u00bboff\u00a0\u00bb use_custom_gutter=\u00a0\u00bboff\u00a0\u00bb custom_css_main_element=\u00a0\u00bbmax-height: 450px;\u00a0\u00bb][et_pb_fullwidth_header admin_label=\u00a0\u00bbFullwidth Header\u00a0\u00bb background_layout=\u00a0\u00bblight\u00a0\u00bb text_orientation=\u00a0\u00bbleft\u00a0\u00bb header_fullscreen=\u00a0\u00bboff\u00a0\u00bb header_scroll_down=\u00a0\u00bboff\u00a0\u00bb parallax=\u00a0\u00bboff\u00a0\u00bb parallax_method=\u00a0\u00bboff\u00a0\u00bb content_orientation=\u00a0\u00bbcenter\u00a0\u00bb image_orientation=\u00a0\u00bbbottom\u00a0\u00bb custom_button_one=\u00a0\u00bboff\u00a0\u00bb button_one_letter_spacing=\u00a0\u00bb0&Prime; button_one_use_icon=\u00a0\u00bbdefault\u00a0\u00bb button_one_icon_placement=\u00a0\u00bbright\u00a0\u00bb button_one_on_hover=\u00a0\u00bbon\u00a0\u00bb button_one_letter_spacing_hover=\u00a0\u00bb0&Prime; custom_button_two=\u00a0\u00bboff\u00a0\u00bb button_two_letter_spacing=\u00a0\u00bb0&Prime; button_two_use_icon=\u00a0\u00bbdefault\u00a0\u00bb button_two_icon_placement=\u00a0\u00bbright\u00a0\u00bb button_two_on_hover=\u00a0\u00bbon\u00a0\u00bb button_two_letter_spacing_hover=\u00a0\u00bb0&Prime; background_url=\u00a0\u00bbhttps:\/\/www.letsgomoose.ca\/wp-content\/uploads\/moose-header-02.png\u00a0\u00bb custom_css_main_element=\u00a0\u00bbmin-height: 450px !important;\u00a0\u00bb saved_tabs=\u00a0\u00bball\u00a0\u00bb] [\/et_pb_fullwidth_header][\/et_pb_section][et_pb_section admin_label=\u00a0\u00bbsection\u00a0\u00bb background_image=\u00a0\u00bb\/wp-content\/uploads\/background-map.png\u00a0\u00bb transparent_background=\u00a0\u00bboff\u00a0\u00bb allow_player_pause=\u00a0\u00bboff\u00a0\u00bb inner_shadow=\u00a0\u00bboff\u00a0\u00bb parallax=\u00a0\u00bboff\u00a0\u00bb parallax_method=\u00a0\u00bboff\u00a0\u00bb padding_mobile=\u00a0\u00bboff\u00a0\u00bb make_fullwidth=\u00a0\u00bboff\u00a0\u00bb use_custom_width=\u00a0\u00bboff\u00a0\u00bb width_unit=\u00a0\u00bbon\u00a0\u00bb make_equal=\u00a0\u00bboff\u00a0\u00bb use_custom_gutter=\u00a0\u00bboff\u00a0\u00bb background_color=\u00a0\u00bb#ffffff\u00a0\u00bb][et_pb_row admin_label=\u00a0\u00bbrow\u00a0\u00bb][et_pb_column type=\u00a0\u00bb2_3&Prime;][et_pb_text admin_label=\u00a0\u00bbText\u00a0\u00bb background_layout=\u00a0\u00bblight\u00a0\u00bb text_orientation=\u00a0\u00bbleft\u00a0\u00bb use_border_color=\u00a0\u00bboff\u00a0\u00bb border_color=\u00a0\u00bb#ffffff\u00a0\u00bb border_style=\u00a0\u00bbsolid\u00a0\u00bb]<\/p>\n<h1 style=\"text-align: justify;\"><span style=\"color: #f47920;\">Mod\u00e8le commercial<\/span><\/h1>\n<p>\u00ab\u2009Le ferroviaire propuls\u00e9 par le secteur immobilier\u00a0: un mod\u00e8le de d\u00e9veloppement du march\u00e9 ouvert\u2009\u00bb a un double objectif.<\/p>\n<p>&#8212; Une optimisation du retour sur investissement des biens immobiliers<\/p>\n<p>&#8212; Des syst\u00e8mes et services m\u00e9tropolitains de transport en commun<\/p>\n<p>\u00ab Le ferroviaire propuls\u00e9 par le secteur immobilier : un mod\u00e8le de d\u00e9veloppement du march\u00e9 ouvert \u00bb est con\u00e7u pour optimiser le retour sur investissement des biens immobiliers en fournissant des syst\u00e8mes et services ferroviaires de transport de passagers \u00e0 l\u2019\u00e9chelle m\u00e9tropolitaine, bas\u00e9s sur un march\u00e9 commercial libre pour un nombre limit\u00e9 de \u00ab localit\u00e9s li\u00e9es \u00bb. La r\u00e9alisation de ces objectifs op\u00e9rationnels ambitieux est independente des subventions gouvernementales, de la dette publique, et des imp\u00f4ts.<\/p>\n<p>Chaque station ferroviaire sera fond\u00e9e, d\u00e9velopp\u00e9e et exploit\u00e9e comme une entreprise priv\u00e9e dans \u00ab le consortium des localit\u00e9s li\u00e9es \u00bb de Moose. Afin d\u2019obtenir un service ferroviaire, les propri\u00e9taires et investisseurs participants qui ont des biens immobiliers commerciaux ou r\u00e9sidentiels (individuellement ou en groupe; \u00e0 but lucratif ou non lucratif; du secteur priv\u00e9 ou public) signeront un accord pour r\u00e9partir l\u2019augmentation du revenu net apr\u00e8s imp\u00f4t et la valeur de l\u2019actif r\u00e9alis\u00e9e par les biens immobiliers commerciaux et r\u00e9sidentiels \u00e0 proximit\u00e9 de chaque station.<\/p>\n<p>Les trains desserviront chaque localit\u00e9 participante en \u00e9change d\u2019une redevance mensuelle bas\u00e9e sur une formule simple qui permet d\u2019utiliser des donn\u00e9es empiriques ind\u00e9pendantes sur les effets de cet acc\u00e8s ferroviaire sur le march\u00e9 immobilier. Ce \u00ab\u2009tarif d\u2019arr\u00eat du train\u2009\u00bb sera calcul\u00e9 selon toute augmentation constat\u00e9e dans les revenus immobiliers (hausse marginale des baux et des locations) et les gains en capital (hausse marginale des ventes effectu\u00e9es au cours de cette p\u00e9riode).<\/p>\n<p>Les valeurs financi\u00e8res statistiquement attribuables au service ferroviaire de passagers seront d\u00e9termin\u00e9es par un fournisseur ind\u00e9pendant de renomm\u00e9e internationale qui \u00e9valuera la valeur des propri\u00e9t\u00e9s, en se basant sur une formule publique standardis\u00e9e.<\/p>\n<p>Les investisseurs et propri\u00e9taires de chaque localit\u00e9 li\u00e9e d\u00e9velopperont et g\u00e9reront de fa\u00e7on compl\u00e8tement autonome leur propre accord, financement, gouvernance et contexte de conception, selon leurs comp\u00e9tences respectives et leurs cultures de d\u00e9veloppement.<\/p>\n<p>Le Consortium Moose respecte pleinement les pr\u00e9rogatives de chaque municipalit\u00e9 sur le zonage, les autorisations, la fiscalit\u00e9, les r\u00e8glements et la planification des transports municipaux en conformit\u00e9 avec le processus normal d\u2019examen des demandes et d\u2019approbation de la ville.<\/p>\n<p>[\/et_pb_text][et_pb_gallery admin_label=\u00a0\u00bbGallery\u00a0\u00bb gallery_ids=\u00a0\u00bb295,294,293&Prime; fullwidth=\u00a0\u00bboff\u00a0\u00bb posts_number=\u00a0\u00bb3&Prime; show_title_and_caption=\u00a0\u00bboff\u00a0\u00bb show_pagination=\u00a0\u00bboff\u00a0\u00bb background_layout=\u00a0\u00bblight\u00a0\u00bb auto=\u00a0\u00bboff\u00a0\u00bb hover_overlay_color=\u00a0\u00bbrgba(255,255,255,0.9)\u00a0\u00bb caption_all_caps=\u00a0\u00bboff\u00a0\u00bb use_border_color=\u00a0\u00bboff\u00a0\u00bb border_color=\u00a0\u00bb#ffffff\u00a0\u00bb border_style=\u00a0\u00bbsolid\u00a0\u00bb] [\/et_pb_gallery][\/et_pb_column][et_pb_column type=\u00a0\u00bb1_3&Prime;][et_pb_image admin_label=\u00a0\u00bbImage\u00a0\u00bb src=\u00a0\u00bb\/wp-content\/uploads\/sidebar-graphic-fr.png\u00a0\u00bb show_in_lightbox=\u00a0\u00bboff\u00a0\u00bb url_new_window=\u00a0\u00bboff\u00a0\u00bb use_overlay=\u00a0\u00bboff\u00a0\u00bb animation=\u00a0\u00bbleft\u00a0\u00bb sticky=\u00a0\u00bboff\u00a0\u00bb align=\u00a0\u00bbleft\u00a0\u00bb force_fullwidth=\u00a0\u00bboff\u00a0\u00bb always_center_on_mobile=\u00a0\u00bbon\u00a0\u00bb use_border_color=\u00a0\u00bboff\u00a0\u00bb border_color=\u00a0\u00bb#ffffff\u00a0\u00bb border_style=\u00a0\u00bbsolid\u00a0\u00bb] [\/et_pb_image][\/et_pb_column][\/et_pb_row][\/et_pb_section]<\/p>\n<span class=\"et_bloom_bottom_trigger\"><\/span>","protected":false},"excerpt":{"rendered":"<p> [&hellip;]<\/p>\n","protected":false},"author":1,"featured_media":0,"parent":0,"menu_order":3,"comment_status":"open","ping_status":"open","template":"","meta":{"_et_pb_use_builder":"on","_et_pb_old_content":"<h1 style=\"text-align: justify;\"><span style=\"color: #f47920;\">Business Model<\/span><\/h1><p style=\"text-align: justify;\"><strong>The Property-Powered Railway Open Market Development Model has a dual purpose. Its primary thrust might surprise you.<\/strong><\/p><ol style=\"text-align: justify;\"><li><strong>Return on Investment Optimization in Real Property: For owners, investors and developers of strategically located commercial and residential property, adding efficient affordable railway transit linkage to the whole region a way to increase net income and realized asset value within easy walking distance of stations. We plan to create of a vast network of \u201clinked localities\u201d through the entire Greater National Capital Region with our open market development and operation of attractive, safe, efficient and affordable metropolitan passenger railway systems and enterprises.<\/strong><\/li><li><strong>Metropolitan Transit Systems and Services: For transit stakeholders, we are pursuing a self-financing development strategy for metropolitan-scale passenger railway systems and extensions, with zero dependence upon public debt or taxes.<\/strong><\/li><\/ol><p style=\"text-align: justify;\"><strong>Public interest benefits, including low fares, excellent service, and enormous environmental advantages are public interest advantages that would be financed through the business of optimizing real property value near the stations. Trains will service each participating autonomous locality in exchange for a monthly fee based upon a simple formula that makes use of independent empirical data on the property market effects of that railway access. This \u201ctrain stopping fee\u201d is calculated as a proportion of the measured uplift in realized property revenues (marginal increase in leases, rents) and capital gains (marginal increase in sales closed in the period).<\/strong><\/p><p><a href=\"\/wp-content\/uploads\/propertypoweredrail-odm_jpotvin-opman_25august2015aPDF.pdf\" target=\"_blank\">Download the 20-pg white paper about Property-Powered Rail.<\/a><\/p>","_et_gb_content_width":"","footnotes":""},"class_list":["post-367","page","type-page","status-publish","hentry"],"yoast_head":"<!-- This site is optimized with the Yoast SEO plugin v27.4 - https:\/\/yoast.com\/product\/yoast-seo-wordpress\/ -->\n<title>Mod\u00e8le commercial - Moose Consortium Inc.<\/title>\n<meta name=\"robots\" content=\"index, follow, max-snippet:-1, max-image-preview:large, max-video-preview:-1\" \/>\n<link rel=\"canonical\" href=\"https:\/\/www.letsgomoose.ca\/fr\/modele-commercial\/\" \/>\n<meta property=\"og:locale\" content=\"fr_FR\" \/>\n<meta property=\"og:type\" content=\"article\" \/>\n<meta property=\"og:title\" content=\"Mod\u00e8le commercial - Moose Consortium Inc.\" \/>\n<meta property=\"og:description\" content=\"[&hellip;]\" \/>\n<meta property=\"og:url\" content=\"https:\/\/www.letsgomoose.ca\/fr\/modele-commercial\/\" \/>\n<meta property=\"og:site_name\" content=\"Moose Consortium Inc.\" \/>\n<meta property=\"article:modified_time\" content=\"2016-08-28T20:02:59+00:00\" \/>\n<meta name=\"twitter:card\" content=\"summary_large_image\" \/>\n<meta name=\"twitter:label1\" content=\"Dur\u00e9e de lecture estim\u00e9e\" \/>\n\t<meta name=\"twitter:data1\" content=\"4 minutes\" \/>\n<script type=\"application\/ld+json\" class=\"yoast-schema-graph\">{\"@context\":\"https:\\\/\\\/schema.org\",\"@graph\":[{\"@type\":\"WebPage\",\"@id\":\"https:\\\/\\\/www.letsgomoose.ca\\\/fr\\\/modele-commercial\\\/\",\"url\":\"https:\\\/\\\/www.letsgomoose.ca\\\/fr\\\/modele-commercial\\\/\",\"name\":\"Mod\u00e8le commercial - Moose Consortium Inc.\",\"isPartOf\":{\"@id\":\"https:\\\/\\\/www.letsgomoose.ca\\\/#website\"},\"datePublished\":\"2016-04-05T01:43:04+00:00\",\"dateModified\":\"2016-08-28T20:02:59+00:00\",\"breadcrumb\":{\"@id\":\"https:\\\/\\\/www.letsgomoose.ca\\\/fr\\\/modele-commercial\\\/#breadcrumb\"},\"inLanguage\":\"fr-FR\",\"potentialAction\":[{\"@type\":\"ReadAction\",\"target\":[\"https:\\\/\\\/www.letsgomoose.ca\\\/fr\\\/modele-commercial\\\/\"]}]},{\"@type\":\"BreadcrumbList\",\"@id\":\"https:\\\/\\\/www.letsgomoose.ca\\\/fr\\\/modele-commercial\\\/#breadcrumb\",\"itemListElement\":[{\"@type\":\"ListItem\",\"position\":1,\"name\":\"Home\",\"item\":\"https:\\\/\\\/www.letsgomoose.ca\\\/fr\\\/\"},{\"@type\":\"ListItem\",\"position\":2,\"name\":\"Mod\u00e8le commercial\"}]},{\"@type\":\"WebSite\",\"@id\":\"https:\\\/\\\/www.letsgomoose.ca\\\/#website\",\"url\":\"https:\\\/\\\/www.letsgomoose.ca\\\/\",\"name\":\"Moose Consortium Inc.\",\"description\":\"Passenger rail serving Canada&#039;s National Capital Region\",\"potentialAction\":[{\"@type\":\"SearchAction\",\"target\":{\"@type\":\"EntryPoint\",\"urlTemplate\":\"https:\\\/\\\/www.letsgomoose.ca\\\/?s={search_term_string}\"},\"query-input\":{\"@type\":\"PropertyValueSpecification\",\"valueRequired\":true,\"valueName\":\"search_term_string\"}}],\"inLanguage\":\"fr-FR\"}]}<\/script>\n<!-- \/ Yoast SEO plugin. -->","yoast_head_json":{"title":"Mod\u00e8le commercial - Moose Consortium Inc.","robots":{"index":"index","follow":"follow","max-snippet":"max-snippet:-1","max-image-preview":"max-image-preview:large","max-video-preview":"max-video-preview:-1"},"canonical":"https:\/\/www.letsgomoose.ca\/fr\/modele-commercial\/","og_locale":"fr_FR","og_type":"article","og_title":"Mod\u00e8le commercial - Moose Consortium Inc.","og_description":"[&hellip;]","og_url":"https:\/\/www.letsgomoose.ca\/fr\/modele-commercial\/","og_site_name":"Moose Consortium Inc.","article_modified_time":"2016-08-28T20:02:59+00:00","twitter_card":"summary_large_image","twitter_misc":{"Dur\u00e9e de lecture estim\u00e9e":"4 minutes"},"schema":{"@context":"https:\/\/schema.org","@graph":[{"@type":"WebPage","@id":"https:\/\/www.letsgomoose.ca\/fr\/modele-commercial\/","url":"https:\/\/www.letsgomoose.ca\/fr\/modele-commercial\/","name":"Mod\u00e8le commercial - Moose Consortium Inc.","isPartOf":{"@id":"https:\/\/www.letsgomoose.ca\/#website"},"datePublished":"2016-04-05T01:43:04+00:00","dateModified":"2016-08-28T20:02:59+00:00","breadcrumb":{"@id":"https:\/\/www.letsgomoose.ca\/fr\/modele-commercial\/#breadcrumb"},"inLanguage":"fr-FR","potentialAction":[{"@type":"ReadAction","target":["https:\/\/www.letsgomoose.ca\/fr\/modele-commercial\/"]}]},{"@type":"BreadcrumbList","@id":"https:\/\/www.letsgomoose.ca\/fr\/modele-commercial\/#breadcrumb","itemListElement":[{"@type":"ListItem","position":1,"name":"Home","item":"https:\/\/www.letsgomoose.ca\/fr\/"},{"@type":"ListItem","position":2,"name":"Mod\u00e8le commercial"}]},{"@type":"WebSite","@id":"https:\/\/www.letsgomoose.ca\/#website","url":"https:\/\/www.letsgomoose.ca\/","name":"Moose Consortium Inc.","description":"Passenger rail serving Canada&#039;s National Capital Region","potentialAction":[{"@type":"SearchAction","target":{"@type":"EntryPoint","urlTemplate":"https:\/\/www.letsgomoose.ca\/?s={search_term_string}"},"query-input":{"@type":"PropertyValueSpecification","valueRequired":true,"valueName":"search_term_string"}}],"inLanguage":"fr-FR"}]}},"_links":{"self":[{"href":"https:\/\/www.letsgomoose.ca\/fr\/wp-json\/wp\/v2\/pages\/367","targetHints":{"allow":["GET"]}}],"collection":[{"href":"https:\/\/www.letsgomoose.ca\/fr\/wp-json\/wp\/v2\/pages"}],"about":[{"href":"https:\/\/www.letsgomoose.ca\/fr\/wp-json\/wp\/v2\/types\/page"}],"author":[{"embeddable":true,"href":"https:\/\/www.letsgomoose.ca\/fr\/wp-json\/wp\/v2\/users\/1"}],"replies":[{"embeddable":true,"href":"https:\/\/www.letsgomoose.ca\/fr\/wp-json\/wp\/v2\/comments?post=367"}],"version-history":[{"count":2,"href":"https:\/\/www.letsgomoose.ca\/fr\/wp-json\/wp\/v2\/pages\/367\/revisions"}],"predecessor-version":[{"id":648,"href":"https:\/\/www.letsgomoose.ca\/fr\/wp-json\/wp\/v2\/pages\/367\/revisions\/648"}],"wp:attachment":[{"href":"https:\/\/www.letsgomoose.ca\/fr\/wp-json\/wp\/v2\/media?parent=367"}],"curies":[{"name":"wp","href":"https:\/\/api.w.org\/{rel}","templated":true}]}}