{"id":364,"date":"2016-04-04T21:35:32","date_gmt":"2016-04-05T01:35:32","guid":{"rendered":"http:\/\/www.letsgomoose.ca\/\/fr\/?page_id=364"},"modified":"2016-08-28T16:03:43","modified_gmt":"2016-08-28T20:03:43","slug":"avantages","status":"publish","type":"page","link":"https:\/\/www.letsgomoose.ca\/fr\/avantages\/","title":{"rendered":"Avantages"},"content":{"rendered":"<p>[et_pb_section admin_label=\u00a0\u00bbSection\u00a0\u00bb fullwidth=\u00a0\u00bbon\u00a0\u00bb specialty=\u00a0\u00bboff\u00a0\u00bb][et_pb_fullwidth_header admin_label=\u00a0\u00bbFullwidth Header\u00a0\u00bb background_layout=\u00a0\u00bblight\u00a0\u00bb text_orientation=\u00a0\u00bbleft\u00a0\u00bb header_fullscreen=\u00a0\u00bboff\u00a0\u00bb header_scroll_down=\u00a0\u00bboff\u00a0\u00bb parallax=\u00a0\u00bboff\u00a0\u00bb parallax_method=\u00a0\u00bboff\u00a0\u00bb content_orientation=\u00a0\u00bbcenter\u00a0\u00bb image_orientation=\u00a0\u00bbbottom\u00a0\u00bb custom_button_one=\u00a0\u00bboff\u00a0\u00bb button_one_letter_spacing=\u00a0\u00bb0&Prime; button_one_use_icon=\u00a0\u00bbdefault\u00a0\u00bb button_one_icon_placement=\u00a0\u00bbright\u00a0\u00bb button_one_on_hover=\u00a0\u00bbon\u00a0\u00bb button_one_letter_spacing_hover=\u00a0\u00bb0&Prime; custom_button_two=\u00a0\u00bboff\u00a0\u00bb button_two_letter_spacing=\u00a0\u00bb0&Prime; button_two_use_icon=\u00a0\u00bbdefault\u00a0\u00bb button_two_icon_placement=\u00a0\u00bbright\u00a0\u00bb button_two_on_hover=\u00a0\u00bbon\u00a0\u00bb button_two_letter_spacing_hover=\u00a0\u00bb0&Prime; background_url=\u00a0\u00bbhttps:\/\/www.letsgomoose.ca\/wp-content\/uploads\/business-model-train.jpg\u00a0\u00bb custom_css_main_element=\u00a0\u00bbmin-height: 450px !important;\u00a0\u00bb saved_tabs=\u00a0\u00bball\u00a0\u00bb] [\/et_pb_fullwidth_header][\/et_pb_section][et_pb_section admin_label=\u00a0\u00bbsection\u00a0\u00bb background_image=\u00a0\u00bb\/wp-content\/uploads\/background-map.png\u00a0\u00bb transparent_background=\u00a0\u00bboff\u00a0\u00bb allow_player_pause=\u00a0\u00bboff\u00a0\u00bb inner_shadow=\u00a0\u00bboff\u00a0\u00bb parallax=\u00a0\u00bboff\u00a0\u00bb parallax_method=\u00a0\u00bboff\u00a0\u00bb padding_mobile=\u00a0\u00bboff\u00a0\u00bb make_fullwidth=\u00a0\u00bboff\u00a0\u00bb use_custom_width=\u00a0\u00bboff\u00a0\u00bb width_unit=\u00a0\u00bbon\u00a0\u00bb make_equal=\u00a0\u00bboff\u00a0\u00bb use_custom_gutter=\u00a0\u00bboff\u00a0\u00bb background_color=\u00a0\u00bb#ffffff\u00a0\u00bb][et_pb_row admin_label=\u00a0\u00bbrow\u00a0\u00bb][et_pb_column type=\u00a0\u00bb2_3&Prime;][et_pb_text admin_label=\u00a0\u00bbText\u00a0\u00bb background_layout=\u00a0\u00bblight\u00a0\u00bb text_orientation=\u00a0\u00bbleft\u00a0\u00bb use_border_color=\u00a0\u00bboff\u00a0\u00bb border_color=\u00a0\u00bb#ffffff\u00a0\u00bb border_style=\u00a0\u00bbsolid\u00a0\u00bb]<\/p>\n<h1><span style=\"color: #f47920;\">Avantages<\/span><\/h1>\n<h3><span style=\"color: #f47920;\">Une r\u00e9gion<\/span><br \/>\n<span style=\"color: #f47920;\">Deux provinces<\/span><br \/>\n<span style=\"color: #f47920;\">Trois chemins de fer<\/span><br \/>\n<span style=\"color: #f47920;\">Mis en quatre pour vous servir.<\/span><\/h3>\n<p>Le Consortium Moose am\u00e9liorera le d\u00e9veloppement de la r\u00e9gion conform\u00e9ment \u00e0 son importance nationale, offrant de nombreux avantages publics pour les r\u00e9sidents, les touristes, les entreprises et les op\u00e9rations du secteur public.<\/p>\n<p>Le projet du Consortium Moose utilisera efficacement les corridors et l\u2019infrastructure existants afin de compl\u00e9ter l\u2019exploitation, les plans et les priorit\u00e9s des transports en commun actuels de chaque municipalit\u00e9. Notre approche pourra s\u2019adapter aux priorit\u00e9s futures d\u2019Ottawa et de Gatineau, ainsi qu\u2019\u00e0 celles des municipalit\u00e9s plus petites de la r\u00e9gion.<\/p>\n<p>Les municipalit\u00e9s seront en mesure d\u2019atteindre leurs principaux objectifs de transport en commun plus t\u00f4t et \u00e0 moindre co\u00fbt. L\u2019exploitation par le Consortium Moose de services ferroviaires r\u00e9gionaux sur les corridors existants permettra d\u2019augmenter les services de transport en commun sans surcharger les plans de capitaux et de d\u00e9penses de chaque municipalit\u00e9. Cela pourra m\u00eame r\u00e9duire la pression exerc\u00e9e sur les deux villes par les budgets d\u2019immobilisations et de fonctionnement.<\/p>\n<p>Le service ferroviaire m\u00e9tropolitain de transport de passagers du Consortium Moose permettra de\u00a0:<\/p>\n<ul>\n<li>Fournir des prix int\u00e9ressants, un excellent service, et d\u2019\u00e9normes avantages \u00e9cologiques.<\/li>\n<li>R\u00e9duire le besoin pour les bus d\u2019OC-Transpo de traverser vers Gatineau, et pour les bus de la STO d\u2019aller \u00e0 Ottawa.<\/li>\n<li>Lib\u00e9rer une partie du parc d\u2019autobus de chaque ville pour permettre une meilleure r\u00e9partition des bus pour un meilleur service et\/ou une r\u00e9duction des co\u00fbts.<\/li>\n<li>Am\u00e9liorer l\u2019acc\u00e8s des travailleurs aux complexes de bureaux au nord de Kanata, \u00e0 Gatineau, chemin Belfast et \u00e0 Barrhaven.<\/li>\n<li>R\u00e9duire la demande pour des stationnements parcs-o-bus suppl\u00e9mentaires desservant les habitants des autres municipalit\u00e9s environnantes.<\/li>\n<li>Diminuer la circulation automobile d\u2019au moins 25 000 v\u00e9hicules par jour sur les axes routiers et dans les aires de stationnement du centre-ville.<\/li>\n<li>R\u00e9duire les \u00e9missions de CO2 de la r\u00e9gion de 20 000 tonnes par an.<\/li>\n<li>Permettre l\u2019entretien et l\u2019utilisation efficaces des infrastructures d\u00e9j\u00e0 existantes.<\/li>\n<li>Permettre aux exploitants municipaux de transport en commun de se concentrer sur les priorit\u00e9s de leurs propres juridictions.<\/li>\n<li>\u00c9tendre la port\u00e9e des services commerciaux d\u2019autobus de la banlieue aux zones semi-rurales.<\/li>\n<li>\u00c9changer des passagers directement avec le TLR, le Rapibus et VIA dans des gares d\u00e9j\u00e0 existantes.<\/li>\n<li>R\u00e9duire le stress quotidien des trajets gr\u00e2ce \u00e0 une solution abordable.<\/li>\n<li>Am\u00e9liorer l\u2019acc\u00e8s aux parcs, mus\u00e9es, galeries et sites touristiques de la r\u00e9gion de la capitale nationale.<\/li>\n<\/ul>\n<p>[\/et_pb_text][\/et_pb_column][et_pb_column type=\u00a0\u00bb1_3&Prime;][et_pb_image admin_label=\u00a0\u00bbImage\u00a0\u00bb src=\u00a0\u00bb\/wp-content\/uploads\/sidebar-graphic-fr.png\u00a0\u00bb show_in_lightbox=\u00a0\u00bboff\u00a0\u00bb url_new_window=\u00a0\u00bboff\u00a0\u00bb use_overlay=\u00a0\u00bboff\u00a0\u00bb animation=\u00a0\u00bbleft\u00a0\u00bb sticky=\u00a0\u00bboff\u00a0\u00bb align=\u00a0\u00bbleft\u00a0\u00bb force_fullwidth=\u00a0\u00bboff\u00a0\u00bb always_center_on_mobile=\u00a0\u00bbon\u00a0\u00bb use_border_color=\u00a0\u00bboff\u00a0\u00bb border_color=\u00a0\u00bb#ffffff\u00a0\u00bb border_style=\u00a0\u00bbsolid\u00a0\u00bb] [\/et_pb_image][\/et_pb_column][\/et_pb_row][\/et_pb_section]<\/p>\n<span class=\"et_bloom_bottom_trigger\"><\/span>","protected":false},"excerpt":{"rendered":"<p> [&hellip;]<\/p>\n","protected":false},"author":1,"featured_media":1656,"parent":0,"menu_order":2,"comment_status":"open","ping_status":"open","template":"","meta":{"_et_pb_use_builder":"on","_et_pb_old_content":"<p class=\"callout\"><strong>One Region\u2013Two Provinces\u2013Three Lines\u2013For Everybody!<\/strong><\/p><p>Moose Consortium's \"Project 125\" can enhance the development of this region in accordance with its national significance, in a way that is complementary with the public transit projects and goals of each of the affected municipalities, providing broad public interest benefits for residents, tourists, businesses and public sector operations.<\/p><p>The Moose Consortium plan makes efficient and effective use of existing corridors and infrastructure in ways that are complementary to each municipality's current transit operations, plans and priorities. Our approach is adaptable to future priorities of both Ottawa and Gatineau, as well as the smaller municipalities of the region.<\/p><p>Municipalities will be able to accomplish their core transit objectives earlier and at lower cost. Operation of regional passenger rail on the existing railway corridors by the Moose Consortium offers a way to increase transit services without burdening each municipality's capital or expenditure plans, and it can even reduce pressure on both cities' capital and operating budgets.<\/p><p>The Moose Consortium's metropolitan passenger rail service will:<\/p><ul><li>Reduce the requirement for OC-Transpo buses to cross into Gatineau, and for STO buses to cross into Ottawa;<\/li><li>Free up part of each city's bus fleet, to enable improved bus allocation for better service and\/or cost reduction.<\/li><li>Improve worker access to office parks in Kanata North, Belfast Road, Barrhaven and Gatineau;<\/li><li>Reduce the demand for additional Park&Ride lots serving people from other surrounding municipalities.<\/li><li>Reduce automobile traffic by at least 25,000 vehicles per day on arterial roads and downtown parking lots.<\/li><li>Reduce the region's CO<sub>2<\/sub> emissions by 20,000 tonnes per year.<\/li><li>Enable the effective maintenance and efficient use of existing capital infrastructure.<\/li><li>Municipal transit operators continue to focus on priorities appropriate to their own jurisdictions.<\/li><li>Commercial commuter bus services can extend their reach in semi-rural areas.<\/li><li>Exchange passengers directly with the OLRT, Rapibus and VIA at existing station locations.<\/li><li>Reduce the day-to-day stresses of the daily commute with affordable alternative.<\/li><li>Increase access to the National Capital Region's parks, museums, galleries and tourism venues.<\/li><\/ul>","_et_gb_content_width":"","footnotes":""},"class_list":["post-364","page","type-page","status-publish","has-post-thumbnail","hentry"],"yoast_head":"<!-- This site is optimized with the Yoast SEO plugin v27.4 - https:\/\/yoast.com\/product\/yoast-seo-wordpress\/ -->\n<title>Avantages - Moose Consortium Inc.<\/title>\n<meta name=\"robots\" content=\"index, follow, max-snippet:-1, max-image-preview:large, max-video-preview:-1\" \/>\n<link rel=\"canonical\" href=\"https:\/\/www.letsgomoose.ca\/fr\/avantages\/\" \/>\n<meta property=\"og:locale\" content=\"fr_FR\" \/>\n<meta property=\"og:type\" content=\"article\" \/>\n<meta property=\"og:title\" content=\"Avantages - Moose Consortium Inc.\" \/>\n<meta property=\"og:description\" content=\"[&hellip;]\" \/>\n<meta property=\"og:url\" content=\"https:\/\/www.letsgomoose.ca\/fr\/avantages\/\" \/>\n<meta property=\"og:site_name\" content=\"Moose Consortium Inc.\" \/>\n<meta property=\"article:modified_time\" content=\"2016-08-28T20:03:43+00:00\" \/>\n<meta property=\"og:image\" content=\"https:\/\/www.letsgomoose.ca\/wp-content\/uploads\/slide3.jpg\" \/>\n\t<meta property=\"og:image:width\" content=\"1366\" \/>\n\t<meta property=\"og:image:height\" content=\"650\" \/>\n\t<meta property=\"og:image:type\" content=\"image\/jpeg\" \/>\n<meta name=\"twitter:card\" content=\"summary_large_image\" \/>\n<meta name=\"twitter:label1\" content=\"Dur\u00e9e de lecture estim\u00e9e\" \/>\n\t<meta name=\"twitter:data1\" content=\"4 minutes\" \/>\n<script type=\"application\/ld+json\" class=\"yoast-schema-graph\">{\"@context\":\"https:\\\/\\\/schema.org\",\"@graph\":[{\"@type\":\"WebPage\",\"@id\":\"https:\\\/\\\/www.letsgomoose.ca\\\/fr\\\/avantages\\\/\",\"url\":\"https:\\\/\\\/www.letsgomoose.ca\\\/fr\\\/avantages\\\/\",\"name\":\"Avantages - Moose Consortium Inc.\",\"isPartOf\":{\"@id\":\"https:\\\/\\\/www.letsgomoose.ca\\\/#website\"},\"primaryImageOfPage\":{\"@id\":\"https:\\\/\\\/www.letsgomoose.ca\\\/fr\\\/avantages\\\/#primaryimage\"},\"image\":{\"@id\":\"https:\\\/\\\/www.letsgomoose.ca\\\/fr\\\/avantages\\\/#primaryimage\"},\"thumbnailUrl\":\"https:\\\/\\\/www.letsgomoose.ca\\\/wp-content\\\/uploads\\\/slide3.jpg\",\"datePublished\":\"2016-04-05T01:35:32+00:00\",\"dateModified\":\"2016-08-28T20:03:43+00:00\",\"breadcrumb\":{\"@id\":\"https:\\\/\\\/www.letsgomoose.ca\\\/fr\\\/avantages\\\/#breadcrumb\"},\"inLanguage\":\"fr-FR\",\"potentialAction\":[{\"@type\":\"ReadAction\",\"target\":[\"https:\\\/\\\/www.letsgomoose.ca\\\/fr\\\/avantages\\\/\"]}]},{\"@type\":\"ImageObject\",\"inLanguage\":\"fr-FR\",\"@id\":\"https:\\\/\\\/www.letsgomoose.ca\\\/fr\\\/avantages\\\/#primaryimage\",\"url\":\"https:\\\/\\\/www.letsgomoose.ca\\\/wp-content\\\/uploads\\\/slide3.jpg\",\"contentUrl\":\"https:\\\/\\\/www.letsgomoose.ca\\\/wp-content\\\/uploads\\\/slide3.jpg\",\"width\":1366,\"height\":650},{\"@type\":\"BreadcrumbList\",\"@id\":\"https:\\\/\\\/www.letsgomoose.ca\\\/fr\\\/avantages\\\/#breadcrumb\",\"itemListElement\":[{\"@type\":\"ListItem\",\"position\":1,\"name\":\"Home\",\"item\":\"https:\\\/\\\/www.letsgomoose.ca\\\/fr\\\/\"},{\"@type\":\"ListItem\",\"position\":2,\"name\":\"Avantages\"}]},{\"@type\":\"WebSite\",\"@id\":\"https:\\\/\\\/www.letsgomoose.ca\\\/#website\",\"url\":\"https:\\\/\\\/www.letsgomoose.ca\\\/\",\"name\":\"Moose Consortium Inc.\",\"description\":\"Passenger rail serving Canada&#039;s National Capital Region\",\"potentialAction\":[{\"@type\":\"SearchAction\",\"target\":{\"@type\":\"EntryPoint\",\"urlTemplate\":\"https:\\\/\\\/www.letsgomoose.ca\\\/?s={search_term_string}\"},\"query-input\":{\"@type\":\"PropertyValueSpecification\",\"valueRequired\":true,\"valueName\":\"search_term_string\"}}],\"inLanguage\":\"fr-FR\"}]}<\/script>\n<!-- \/ Yoast SEO plugin. -->","yoast_head_json":{"title":"Avantages - Moose Consortium Inc.","robots":{"index":"index","follow":"follow","max-snippet":"max-snippet:-1","max-image-preview":"max-image-preview:large","max-video-preview":"max-video-preview:-1"},"canonical":"https:\/\/www.letsgomoose.ca\/fr\/avantages\/","og_locale":"fr_FR","og_type":"article","og_title":"Avantages - Moose Consortium Inc.","og_description":"[&hellip;]","og_url":"https:\/\/www.letsgomoose.ca\/fr\/avantages\/","og_site_name":"Moose Consortium Inc.","article_modified_time":"2016-08-28T20:03:43+00:00","og_image":[{"width":1366,"height":650,"url":"https:\/\/www.letsgomoose.ca\/wp-content\/uploads\/slide3.jpg","type":"image\/jpeg"}],"twitter_card":"summary_large_image","twitter_misc":{"Dur\u00e9e de lecture estim\u00e9e":"4 minutes"},"schema":{"@context":"https:\/\/schema.org","@graph":[{"@type":"WebPage","@id":"https:\/\/www.letsgomoose.ca\/fr\/avantages\/","url":"https:\/\/www.letsgomoose.ca\/fr\/avantages\/","name":"Avantages - Moose Consortium Inc.","isPartOf":{"@id":"https:\/\/www.letsgomoose.ca\/#website"},"primaryImageOfPage":{"@id":"https:\/\/www.letsgomoose.ca\/fr\/avantages\/#primaryimage"},"image":{"@id":"https:\/\/www.letsgomoose.ca\/fr\/avantages\/#primaryimage"},"thumbnailUrl":"https:\/\/www.letsgomoose.ca\/wp-content\/uploads\/slide3.jpg","datePublished":"2016-04-05T01:35:32+00:00","dateModified":"2016-08-28T20:03:43+00:00","breadcrumb":{"@id":"https:\/\/www.letsgomoose.ca\/fr\/avantages\/#breadcrumb"},"inLanguage":"fr-FR","potentialAction":[{"@type":"ReadAction","target":["https:\/\/www.letsgomoose.ca\/fr\/avantages\/"]}]},{"@type":"ImageObject","inLanguage":"fr-FR","@id":"https:\/\/www.letsgomoose.ca\/fr\/avantages\/#primaryimage","url":"https:\/\/www.letsgomoose.ca\/wp-content\/uploads\/slide3.jpg","contentUrl":"https:\/\/www.letsgomoose.ca\/wp-content\/uploads\/slide3.jpg","width":1366,"height":650},{"@type":"BreadcrumbList","@id":"https:\/\/www.letsgomoose.ca\/fr\/avantages\/#breadcrumb","itemListElement":[{"@type":"ListItem","position":1,"name":"Home","item":"https:\/\/www.letsgomoose.ca\/fr\/"},{"@type":"ListItem","position":2,"name":"Avantages"}]},{"@type":"WebSite","@id":"https:\/\/www.letsgomoose.ca\/#website","url":"https:\/\/www.letsgomoose.ca\/","name":"Moose Consortium Inc.","description":"Passenger rail serving Canada&#039;s National Capital Region","potentialAction":[{"@type":"SearchAction","target":{"@type":"EntryPoint","urlTemplate":"https:\/\/www.letsgomoose.ca\/?s={search_term_string}"},"query-input":{"@type":"PropertyValueSpecification","valueRequired":true,"valueName":"search_term_string"}}],"inLanguage":"fr-FR"}]}},"_links":{"self":[{"href":"https:\/\/www.letsgomoose.ca\/fr\/wp-json\/wp\/v2\/pages\/364","targetHints":{"allow":["GET"]}}],"collection":[{"href":"https:\/\/www.letsgomoose.ca\/fr\/wp-json\/wp\/v2\/pages"}],"about":[{"href":"https:\/\/www.letsgomoose.ca\/fr\/wp-json\/wp\/v2\/types\/page"}],"author":[{"embeddable":true,"href":"https:\/\/www.letsgomoose.ca\/fr\/wp-json\/wp\/v2\/users\/1"}],"replies":[{"embeddable":true,"href":"https:\/\/www.letsgomoose.ca\/fr\/wp-json\/wp\/v2\/comments?post=364"}],"version-history":[{"count":2,"href":"https:\/\/www.letsgomoose.ca\/fr\/wp-json\/wp\/v2\/pages\/364\/revisions"}],"predecessor-version":[{"id":649,"href":"https:\/\/www.letsgomoose.ca\/fr\/wp-json\/wp\/v2\/pages\/364\/revisions\/649"}],"wp:featuredmedia":[{"embeddable":true,"href":"https:\/\/www.letsgomoose.ca\/fr\/wp-json\/wp\/v2\/media\/1656"}],"wp:attachment":[{"href":"https:\/\/www.letsgomoose.ca\/fr\/wp-json\/wp\/v2\/media?parent=364"}],"curies":[{"name":"wp","href":"https:\/\/api.w.org\/{rel}","templated":true}]}}