{"id":360,"date":"2016-04-04T21:28:10","date_gmt":"2016-04-05T01:28:10","guid":{"rendered":"http:\/\/www.letsgomoose.ca\/\/fr\/?page_id=360"},"modified":"2017-06-21T13:53:59","modified_gmt":"2017-06-21T17:53:59","slug":"allons-y","status":"publish","type":"page","link":"https:\/\/www.letsgomoose.ca\/fr\/allons-y\/","title":{"rendered":"Allons-y!"},"content":{"rendered":"<p>[et_pb_section bb_built=\u00a0\u00bb1&Prime; admin_label=\u00a0\u00bbSection\u00a0\u00bb fullwidth=\u00a0\u00bbon\u00a0\u00bb specialty=\u00a0\u00bboff\u00a0\u00bb][et_pb_fullwidth_image admin_label=\u00a0\u00bbFullwidth Image\u00a0\u00bb src=\u00a0\u00bb\/wp-content\/uploads\/slide3.jpg\u00a0\u00bb show_in_lightbox=\u00a0\u00bboff\u00a0\u00bb url_new_window=\u00a0\u00bboff\u00a0\u00bb use_overlay=\u00a0\u00bboff\u00a0\u00bb animation=\u00a0\u00bbtop\u00a0\u00bb use_border_color=\u00a0\u00bboff\u00a0\u00bb border_color=\u00a0\u00bb#ffffff\u00a0\u00bb border_style=\u00a0\u00bbsolid\u00a0\u00bb custom_css_main_element=\u00a0\u00bbmax-height: 450px;\u00a0\u00bb \/][\/et_pb_section][et_pb_section bb_built=\u00a0\u00bb1&Prime; admin_label=\u00a0\u00bbsection\u00a0\u00bb background_image=\u00a0\u00bb\/wp-content\/uploads\/background-map.png\u00a0\u00bb transparent_background=\u00a0\u00bboff\u00a0\u00bb allow_player_pause=\u00a0\u00bboff\u00a0\u00bb inner_shadow=\u00a0\u00bboff\u00a0\u00bb parallax=\u00a0\u00bboff\u00a0\u00bb parallax_method=\u00a0\u00bboff\u00a0\u00bb padding_mobile=\u00a0\u00bboff\u00a0\u00bb make_fullwidth=\u00a0\u00bboff\u00a0\u00bb use_custom_width=\u00a0\u00bboff\u00a0\u00bb width_unit=\u00a0\u00bbon\u00a0\u00bb make_equal=\u00a0\u00bboff\u00a0\u00bb use_custom_gutter=\u00a0\u00bboff\u00a0\u00bb background_color=\u00a0\u00bb#ffffff\u00a0\u00bb][et_pb_row admin_label=\u00a0\u00bbrow\u00a0\u00bb background_position=\u00a0\u00bbtop_left\u00a0\u00bb background_repeat=\u00a0\u00bbrepeat\u00a0\u00bb background_size=\u00a0\u00bbinitial\u00a0\u00bb][et_pb_column type=\u00a0\u00bb2_3&Prime;][et_pb_text admin_label=\u00a0\u00bbText\u00a0\u00bb background_layout=\u00a0\u00bblight\u00a0\u00bb text_orientation=\u00a0\u00bbleft\u00a0\u00bb border_style=\u00a0\u00bbsolid\u00a0\u00bb background_position=\u00a0\u00bbtop_left\u00a0\u00bb background_repeat=\u00a0\u00bbrepeat\u00a0\u00bb background_size=\u00a0\u00bbinitial\u00a0\u00bb _builder_version=\u00a0\u00bb3.0.51&Prime;]<\/p>\n<h1><span style=\"color: #f47920;\">Allons-y!<\/span><\/h1>\n<p>Si vous souhaitez vous joindre \u00e0 cette opportunit\u00e9 d\u2019affaires innovatrice, il y a plusieurs fa\u00e7ons de participer ou de collaborer avec le Consortium Moose. Chaque gare de notre projet sera fond\u00e9e, d\u00e9velopp\u00e9e et exploit\u00e9e comme une entreprise priv\u00e9e dans \u00ab\u2009le consortium des localit\u00e9s li\u00e9es\u2009\u00bb de Moose.<\/p>\n<p>Si vous reconnaissez les avantages de transformer votre quartier en une \u00ab\u2009localit\u00e9 li\u00e9e\u2009\u00bb, veuillez SVP nous contacter pour parler, en priv\u00e9, des opportunit\u00e9s d\u2019affaires ou pour organiser un \u00e9v\u00e8nement de consultation publique ouverte dans votre voisinage.<\/p>\n<p class=\"p1\"><span style=\"text-decoration: underline;\"><span class=\"s1\"><b>Documents et pi\u00e8ces jointes officiels<\/b><\/span><\/span><\/p>\n<p>Action juridique par le Consortium Moose Inc. pour prot\u00e9ger des chemins de fer essentiels dans la capitale du Canada (En anglais seulement)<br \/>\n<a href=\"https:\/\/www.onyvamoose.ca\/moose-consortium-inc-legal-action-to-protect-essential-railways-in-canadas-capital\/\">https:\/\/www.onyvamoose.ca\/moose-consortium-inc-legal-action-to-protect-essential-railways-in-canadas-capital\/<\/a><\/p>\n<p>Lettre de demande pour un certificat d\u2019aptitude complet (En anglais seulement)<br \/>\n<a href=\"https:\/\/www.letsgomoose.ca\/letter-of-application-cta-2016-06-29\/\">https:\/\/www.letsgomoose.ca\/letter-of-application-cta-2016-06-29\/<\/a><\/p>\n<p>[\/et_pb_text][\/et_pb_column][et_pb_column type=\u00a0\u00bb1_3&Prime;][et_pb_image admin_label=\u00a0\u00bbImage\u00a0\u00bb src=\u00a0\u00bb\/wp-content\/uploads\/sidebar-graphic-fr.png\u00a0\u00bb show_in_lightbox=\u00a0\u00bboff\u00a0\u00bb url_new_window=\u00a0\u00bboff\u00a0\u00bb use_overlay=\u00a0\u00bboff\u00a0\u00bb animation=\u00a0\u00bbleft\u00a0\u00bb sticky=\u00a0\u00bboff\u00a0\u00bb align=\u00a0\u00bbcenter\u00a0\u00bb force_fullwidth=\u00a0\u00bboff\u00a0\u00bb always_center_on_mobile=\u00a0\u00bbon\u00a0\u00bb use_border_color=\u00a0\u00bboff\u00a0\u00bb border_color=\u00a0\u00bb#ffffff\u00a0\u00bb border_style=\u00a0\u00bbsolid\u00a0\u00bb \/][\/et_pb_column][\/et_pb_row][\/et_pb_section]<\/p>\n<span class=\"et_bloom_bottom_trigger\"><\/span>","protected":false},"excerpt":{"rendered":"<p> [&hellip;]<\/p>\n","protected":false},"author":1,"featured_media":0,"parent":0,"menu_order":1,"comment_status":"open","ping_status":"closed","template":"","meta":{"_et_pb_use_builder":"on","_et_pb_old_content":"<p class=\"callout\">Moose Consortium is pursuing a 100% commercially financed and operated passenger railway service on existing railways. Bi-level trains will traverse Ottawa and Gatineau, and will operate all the way out to six semi-rural towns of the Greater National Capital Region including Smiths Falls, Arnprior and Alexandria in Ontario, and in Qu\u00e9bec, service will go to Montebello, later to La P\u00eache (Wakefield) once the Consortium completes track repairs, and to Bristol after rebuilding that line.<\/p><p>Moose (i.e. Mobility Ottawa-Outaouais: Systems & Enterprises) is a consortium of private-sector businesses with an ambitious start date for operations in 2017, Canada\u2019s Sesquicentennial.<\/p><p>Contact us to discuss arrangements for a consultation event in your community, or with your business sector.<\/p>","_et_gb_content_width":"","footnotes":""},"class_list":["post-360","page","type-page","status-publish","hentry"],"yoast_head":"<!-- This site is optimized with the Yoast SEO plugin v27.4 - https:\/\/yoast.com\/product\/yoast-seo-wordpress\/ -->\n<title>Allons-y! - Moose Consortium Inc.<\/title>\n<meta name=\"robots\" content=\"index, follow, max-snippet:-1, max-image-preview:large, max-video-preview:-1\" \/>\n<link rel=\"canonical\" href=\"https:\/\/www.letsgomoose.ca\/fr\/allons-y\/\" \/>\n<meta property=\"og:locale\" content=\"fr_FR\" \/>\n<meta property=\"og:type\" content=\"article\" \/>\n<meta property=\"og:title\" content=\"Allons-y! - Moose Consortium Inc.\" \/>\n<meta property=\"og:description\" content=\"[&hellip;]\" \/>\n<meta property=\"og:url\" content=\"https:\/\/www.letsgomoose.ca\/fr\/allons-y\/\" \/>\n<meta property=\"og:site_name\" content=\"Moose Consortium Inc.\" \/>\n<meta property=\"article:modified_time\" content=\"2017-06-21T17:53:59+00:00\" \/>\n<meta name=\"twitter:card\" content=\"summary_large_image\" \/>\n<meta name=\"twitter:label1\" content=\"Dur\u00e9e de lecture estim\u00e9e\" \/>\n\t<meta name=\"twitter:data1\" content=\"2 minutes\" \/>\n<script type=\"application\/ld+json\" class=\"yoast-schema-graph\">{\"@context\":\"https:\\\/\\\/schema.org\",\"@graph\":[{\"@type\":\"WebPage\",\"@id\":\"https:\\\/\\\/www.letsgomoose.ca\\\/fr\\\/allons-y\\\/\",\"url\":\"https:\\\/\\\/www.letsgomoose.ca\\\/fr\\\/allons-y\\\/\",\"name\":\"Allons-y! - Moose Consortium Inc.\",\"isPartOf\":{\"@id\":\"https:\\\/\\\/www.letsgomoose.ca\\\/#website\"},\"datePublished\":\"2016-04-05T01:28:10+00:00\",\"dateModified\":\"2017-06-21T17:53:59+00:00\",\"breadcrumb\":{\"@id\":\"https:\\\/\\\/www.letsgomoose.ca\\\/fr\\\/allons-y\\\/#breadcrumb\"},\"inLanguage\":\"fr-FR\",\"potentialAction\":[{\"@type\":\"ReadAction\",\"target\":[\"https:\\\/\\\/www.letsgomoose.ca\\\/fr\\\/allons-y\\\/\"]}]},{\"@type\":\"BreadcrumbList\",\"@id\":\"https:\\\/\\\/www.letsgomoose.ca\\\/fr\\\/allons-y\\\/#breadcrumb\",\"itemListElement\":[{\"@type\":\"ListItem\",\"position\":1,\"name\":\"Home\",\"item\":\"https:\\\/\\\/www.letsgomoose.ca\\\/fr\\\/\"},{\"@type\":\"ListItem\",\"position\":2,\"name\":\"Allons-y!\"}]},{\"@type\":\"WebSite\",\"@id\":\"https:\\\/\\\/www.letsgomoose.ca\\\/#website\",\"url\":\"https:\\\/\\\/www.letsgomoose.ca\\\/\",\"name\":\"Moose Consortium Inc.\",\"description\":\"Passenger rail serving Canada&#039;s National Capital Region\",\"potentialAction\":[{\"@type\":\"SearchAction\",\"target\":{\"@type\":\"EntryPoint\",\"urlTemplate\":\"https:\\\/\\\/www.letsgomoose.ca\\\/?s={search_term_string}\"},\"query-input\":{\"@type\":\"PropertyValueSpecification\",\"valueRequired\":true,\"valueName\":\"search_term_string\"}}],\"inLanguage\":\"fr-FR\"}]}<\/script>\n<!-- \/ Yoast SEO plugin. -->","yoast_head_json":{"title":"Allons-y! - Moose Consortium Inc.","robots":{"index":"index","follow":"follow","max-snippet":"max-snippet:-1","max-image-preview":"max-image-preview:large","max-video-preview":"max-video-preview:-1"},"canonical":"https:\/\/www.letsgomoose.ca\/fr\/allons-y\/","og_locale":"fr_FR","og_type":"article","og_title":"Allons-y! - Moose Consortium Inc.","og_description":"[&hellip;]","og_url":"https:\/\/www.letsgomoose.ca\/fr\/allons-y\/","og_site_name":"Moose Consortium Inc.","article_modified_time":"2017-06-21T17:53:59+00:00","twitter_card":"summary_large_image","twitter_misc":{"Dur\u00e9e de lecture estim\u00e9e":"2 minutes"},"schema":{"@context":"https:\/\/schema.org","@graph":[{"@type":"WebPage","@id":"https:\/\/www.letsgomoose.ca\/fr\/allons-y\/","url":"https:\/\/www.letsgomoose.ca\/fr\/allons-y\/","name":"Allons-y! - Moose Consortium Inc.","isPartOf":{"@id":"https:\/\/www.letsgomoose.ca\/#website"},"datePublished":"2016-04-05T01:28:10+00:00","dateModified":"2017-06-21T17:53:59+00:00","breadcrumb":{"@id":"https:\/\/www.letsgomoose.ca\/fr\/allons-y\/#breadcrumb"},"inLanguage":"fr-FR","potentialAction":[{"@type":"ReadAction","target":["https:\/\/www.letsgomoose.ca\/fr\/allons-y\/"]}]},{"@type":"BreadcrumbList","@id":"https:\/\/www.letsgomoose.ca\/fr\/allons-y\/#breadcrumb","itemListElement":[{"@type":"ListItem","position":1,"name":"Home","item":"https:\/\/www.letsgomoose.ca\/fr\/"},{"@type":"ListItem","position":2,"name":"Allons-y!"}]},{"@type":"WebSite","@id":"https:\/\/www.letsgomoose.ca\/#website","url":"https:\/\/www.letsgomoose.ca\/","name":"Moose Consortium Inc.","description":"Passenger rail serving Canada&#039;s National Capital Region","potentialAction":[{"@type":"SearchAction","target":{"@type":"EntryPoint","urlTemplate":"https:\/\/www.letsgomoose.ca\/?s={search_term_string}"},"query-input":{"@type":"PropertyValueSpecification","valueRequired":true,"valueName":"search_term_string"}}],"inLanguage":"fr-FR"}]}},"_links":{"self":[{"href":"https:\/\/www.letsgomoose.ca\/fr\/wp-json\/wp\/v2\/pages\/360","targetHints":{"allow":["GET"]}}],"collection":[{"href":"https:\/\/www.letsgomoose.ca\/fr\/wp-json\/wp\/v2\/pages"}],"about":[{"href":"https:\/\/www.letsgomoose.ca\/fr\/wp-json\/wp\/v2\/types\/page"}],"author":[{"embeddable":true,"href":"https:\/\/www.letsgomoose.ca\/fr\/wp-json\/wp\/v2\/users\/1"}],"replies":[{"embeddable":true,"href":"https:\/\/www.letsgomoose.ca\/fr\/wp-json\/wp\/v2\/comments?post=360"}],"version-history":[{"count":4,"href":"https:\/\/www.letsgomoose.ca\/fr\/wp-json\/wp\/v2\/pages\/360\/revisions"}],"predecessor-version":[{"id":822,"href":"https:\/\/www.letsgomoose.ca\/fr\/wp-json\/wp\/v2\/pages\/360\/revisions\/822"}],"wp:attachment":[{"href":"https:\/\/www.letsgomoose.ca\/fr\/wp-json\/wp\/v2\/media?parent=360"}],"curies":[{"name":"wp","href":"https:\/\/api.w.org\/{rel}","templated":true}]}}